{"id":15301,"date":"2025-02-25T19:45:31","date_gmt":"2025-02-25T18:45:31","guid":{"rendered":"https:\/\/lacaverneauxjeux.net\/?page_id=15301"},"modified":"2025-06-15T16:26:47","modified_gmt":"2025-06-15T14:26:47","slug":"vendredi-cest-jeux-de-roles","status":"publish","type":"page","link":"https:\/\/lacaverneauxjeux.net\/index.php\/vendredi-cest-jeux-de-roles\/","title":{"rendered":"Vendredi c&rsquo;est jeux de r\u00f4les"},"content":{"rendered":"\n<p class=\"has-large-font-size wp-block-paragraph\">Thibaut se fera un plaisir avec nos amis du JEUX DE R\u00d4LES OU JDR de vous accueillir \u00e0 la salle habituelle . Ils partagent les retours de leurs soir\u00e9es sur le discord plus simple pour eux alors faites un tour sur celui ci en cliquant et en vous inscrivant dans ce lien :<\/p>\n\n\n\n<p class=\"has-text-color has-link-color has-large-font-size wp-elements-7200275366a3bed6ff719709976c6476 wp-block-paragraph\" style=\"color:#6c0beb\"><a href=\"https:\/\/discord.gg\/5nQv3DuHF3\">https:\/\/discord.gg\/5nQv3DuHF3<\/a><\/p>\n\n\n\n<figure class=\"wp-block-image size-full\"><img loading=\"lazy\" decoding=\"async\" width=\"494\" height=\"650\" src=\"https:\/\/lacaverneauxjeux.net\/wp-content\/uploads\/2025\/06\/add2-RO-bgr-le-nord-livret1-les-terres-sauvages-1.webp\" alt=\"\" class=\"wp-image-15439\" srcset=\"https:\/\/lacaverneauxjeux.net\/wp-content\/uploads\/2025\/06\/add2-RO-bgr-le-nord-livret1-les-terres-sauvages-1.webp 494w, https:\/\/lacaverneauxjeux.net\/wp-content\/uploads\/2025\/06\/add2-RO-bgr-le-nord-livret1-les-terres-sauvages-1-228x300.webp 228w\" sizes=\"auto, (max-width: 494px) 100vw, 494px\" \/><\/figure>\n","protected":false},"excerpt":{"rendered":"<p>Thibaut se fera un plaisir avec nos amis du JEUX DE R\u00d4LES OU JDR de vous accueillir \u00e0 la salle habituelle . Ils partagent les retours de leurs soir\u00e9es sur le discord plus simple pour eux alors faites un tour sur celui ci en cliquant et en vous inscrivant dans ce lien : https:\/\/discord.gg\/5nQv3DuHF3<\/p>\n","protected":false},"author":3,"featured_media":15440,"parent":0,"menu_order":0,"comment_status":"closed","ping_status":"closed","template":"","meta":{"_crdt_document":"","_price":"","_stock":"","_tribe_ticket_header":"","_tribe_default_ticket_provider":"","_tribe_ticket_capacity":"0","_ticket_start_date":"","_ticket_end_date":"","_tribe_ticket_show_description":"","_tribe_ticket_show_not_going":false,"_tribe_ticket_use_global_stock":"","_tribe_ticket_global_stock_level":"","_global_stock_mode":"","_global_stock_cap":"","_tribe_rsvp_for_event":"","_tribe_ticket_going_count":"","_tribe_ticket_not_going_count":"","_tribe_tickets_list":"[]","_tribe_ticket_has_attendee_info_fields":false,"footnotes":"","_tec_slr_enabled":"","_tec_slr_layout":""},"class_list":["post-15301","page","type-page","status-publish","has-post-thumbnail","hentry"],"ticketed":false,"_links":{"self":[{"href":"https:\/\/lacaverneauxjeux.net\/index.php\/wp-json\/wp\/v2\/pages\/15301","targetHints":{"allow":["GET"]}}],"collection":[{"href":"https:\/\/lacaverneauxjeux.net\/index.php\/wp-json\/wp\/v2\/pages"}],"about":[{"href":"https:\/\/lacaverneauxjeux.net\/index.php\/wp-json\/wp\/v2\/types\/page"}],"author":[{"embeddable":true,"href":"https:\/\/lacaverneauxjeux.net\/index.php\/wp-json\/wp\/v2\/users\/3"}],"replies":[{"embeddable":true,"href":"https:\/\/lacaverneauxjeux.net\/index.php\/wp-json\/wp\/v2\/comments?post=15301"}],"version-history":[{"count":5,"href":"https:\/\/lacaverneauxjeux.net\/index.php\/wp-json\/wp\/v2\/pages\/15301\/revisions"}],"predecessor-version":[{"id":15442,"href":"https:\/\/lacaverneauxjeux.net\/index.php\/wp-json\/wp\/v2\/pages\/15301\/revisions\/15442"}],"wp:featuredmedia":[{"embeddable":true,"href":"https:\/\/lacaverneauxjeux.net\/index.php\/wp-json\/wp\/v2\/media\/15440"}],"wp:attachment":[{"href":"https:\/\/lacaverneauxjeux.net\/index.php\/wp-json\/wp\/v2\/media?parent=15301"}],"curies":[{"name":"wp","href":"https:\/\/api.w.org\/{rel}","templated":true}]}}