{"id":15375,"date":"2025-06-14T22:43:08","date_gmt":"2025-06-14T20:43:08","guid":{"rendered":"https:\/\/lacaverneauxjeux.net\/?page_id=15375"},"modified":"2025-06-15T16:47:52","modified_gmt":"2025-06-15T14:47:52","slug":"nos-visiteurs","status":"publish","type":"page","link":"https:\/\/lacaverneauxjeux.net\/index.php\/nos-visiteurs\/","title":{"rendered":"Nos Visiteurs"},"content":{"rendered":"\n<p class=\"has-large-font-size wp-block-paragraph\">Ici nous vous pr\u00e9senterons les auteurs , \u00e9diteurs ou autre professionnel qui nous ont fait le plaisir de venir pr\u00e9senter leur jeux au sein de notre association . <\/p>\n","protected":false},"excerpt":{"rendered":"<p>Ici nous vous pr\u00e9senterons les auteurs , \u00e9diteurs ou autre professionnel qui nous ont fait le plaisir de venir pr\u00e9senter leur jeux au sein de notre association .<\/p>\n","protected":false},"author":3,"featured_media":0,"parent":0,"menu_order":0,"comment_status":"closed","ping_status":"closed","template":"","meta":{"_crdt_document":"","_price":"","_stock":"","_tribe_ticket_header":"","_tribe_default_ticket_provider":"","_tribe_ticket_capacity":"0","_ticket_start_date":"","_ticket_end_date":"","_tribe_ticket_show_description":"","_tribe_ticket_show_not_going":false,"_tribe_ticket_use_global_stock":"","_tribe_ticket_global_stock_level":"","_global_stock_mode":"","_global_stock_cap":"","_tribe_rsvp_for_event":"","_tribe_ticket_going_count":"","_tribe_ticket_not_going_count":"","_tribe_tickets_list":"[]","_tribe_ticket_has_attendee_info_fields":false,"footnotes":"","_tec_slr_enabled":"","_tec_slr_layout":""},"class_list":["post-15375","page","type-page","status-publish","hentry"],"ticketed":false,"_links":{"self":[{"href":"https:\/\/lacaverneauxjeux.net\/index.php\/wp-json\/wp\/v2\/pages\/15375","targetHints":{"allow":["GET"]}}],"collection":[{"href":"https:\/\/lacaverneauxjeux.net\/index.php\/wp-json\/wp\/v2\/pages"}],"about":[{"href":"https:\/\/lacaverneauxjeux.net\/index.php\/wp-json\/wp\/v2\/types\/page"}],"author":[{"embeddable":true,"href":"https:\/\/lacaverneauxjeux.net\/index.php\/wp-json\/wp\/v2\/users\/3"}],"replies":[{"embeddable":true,"href":"https:\/\/lacaverneauxjeux.net\/index.php\/wp-json\/wp\/v2\/comments?post=15375"}],"version-history":[{"count":2,"href":"https:\/\/lacaverneauxjeux.net\/index.php\/wp-json\/wp\/v2\/pages\/15375\/revisions"}],"predecessor-version":[{"id":15448,"href":"https:\/\/lacaverneauxjeux.net\/index.php\/wp-json\/wp\/v2\/pages\/15375\/revisions\/15448"}],"wp:attachment":[{"href":"https:\/\/lacaverneauxjeux.net\/index.php\/wp-json\/wp\/v2\/media?parent=15375"}],"curies":[{"name":"wp","href":"https:\/\/api.w.org\/{rel}","templated":true}]}}