{"id":15409,"date":"2025-06-15T13:50:37","date_gmt":"2025-06-15T11:50:37","guid":{"rendered":"https:\/\/lacaverneauxjeux.net\/?page_id=15409"},"modified":"2025-07-02T21:05:21","modified_gmt":"2025-07-02T19:05:21","slug":"accueil","status":"publish","type":"page","link":"https:\/\/lacaverneauxjeux.net\/index.php\/accueil\/","title":{"rendered":"Accueil"},"content":{"rendered":"\n<p class=\"has-small-font-size wp-block-paragraph\">Bienvenue \u00e0 la Caverne Aux Jeux o\u00f9 nous jouons aux jeux de soci\u00e9t\u00e9, jeux de r\u00f4les et jeux de figurines. <\/p>\n\n\n\n<p class=\"has-small-font-size wp-block-paragraph\">nous avons 75 adh\u00e9rents cette ann\u00e9e 2025 , merci \u00e0 tous pour votre implication.<\/p>\n\n\n\n<p class=\"has-small-font-size wp-block-paragraph\">Nous faisons parfois des animations sur Foug\u00e8res  et les alentours.<\/p>\n\n\n\n<p class=\"has-small-font-size wp-block-paragraph\">Nous faisons aussi partie du projet et organisation du festival Felger Games.<\/p>\n\n\n\n<p class=\"has-small-font-size wp-block-paragraph\">Plusieurs de nos joueurs sont b\u00e9n\u00e9voles sur ces \u00e9v\u00e8nements et nous les en remercions.<\/p>\n\n\n\n<p class=\"wp-block-paragraph\"><\/p>\n","protected":false},"excerpt":{"rendered":"<p>Bienvenue \u00e0 la Caverne Aux Jeux o\u00f9 nous jouons aux jeux de soci\u00e9t\u00e9, jeux de r\u00f4les et jeux de figurines. nous avons 75 adh\u00e9rents cette ann\u00e9e 2025 , merci \u00e0 tous pour votre implication. Nous faisons parfois des animations sur Foug\u00e8res et les alentours. Nous faisons aussi partie du projet et organisation du festival Felger Games. Plusieurs de nos joueurs sont b\u00e9n\u00e9voles sur ces \u00e9v\u00e8nements et nous les en remercions.<\/p>\n","protected":false},"author":3,"featured_media":0,"parent":0,"menu_order":0,"comment_status":"closed","ping_status":"closed","template":"","meta":{"_crdt_document":"","_price":"","_stock":"","_tribe_ticket_header":"","_tribe_default_ticket_provider":"","_tribe_ticket_capacity":"0","_ticket_start_date":"","_ticket_end_date":"","_tribe_ticket_show_description":"","_tribe_ticket_show_not_going":false,"_tribe_ticket_use_global_stock":"","_tribe_ticket_global_stock_level":"","_global_stock_mode":"","_global_stock_cap":"","_tribe_rsvp_for_event":"","_tribe_ticket_going_count":"","_tribe_ticket_not_going_count":"","_tribe_tickets_list":"[]","_tribe_ticket_has_attendee_info_fields":false,"footnotes":"","_tec_slr_enabled":"","_tec_slr_layout":""},"class_list":["post-15409","page","type-page","status-publish","hentry"],"ticketed":false,"_links":{"self":[{"href":"https:\/\/lacaverneauxjeux.net\/index.php\/wp-json\/wp\/v2\/pages\/15409","targetHints":{"allow":["GET"]}}],"collection":[{"href":"https:\/\/lacaverneauxjeux.net\/index.php\/wp-json\/wp\/v2\/pages"}],"about":[{"href":"https:\/\/lacaverneauxjeux.net\/index.php\/wp-json\/wp\/v2\/types\/page"}],"author":[{"embeddable":true,"href":"https:\/\/lacaverneauxjeux.net\/index.php\/wp-json\/wp\/v2\/users\/3"}],"replies":[{"embeddable":true,"href":"https:\/\/lacaverneauxjeux.net\/index.php\/wp-json\/wp\/v2\/comments?post=15409"}],"version-history":[{"count":3,"href":"https:\/\/lacaverneauxjeux.net\/index.php\/wp-json\/wp\/v2\/pages\/15409\/revisions"}],"predecessor-version":[{"id":15703,"href":"https:\/\/lacaverneauxjeux.net\/index.php\/wp-json\/wp\/v2\/pages\/15409\/revisions\/15703"}],"wp:attachment":[{"href":"https:\/\/lacaverneauxjeux.net\/index.php\/wp-json\/wp\/v2\/media?parent=15409"}],"curies":[{"name":"wp","href":"https:\/\/api.w.org\/{rel}","templated":true}]}}