{"id":18,"date":"2018-07-10T14:01:51","date_gmt":"2018-07-10T12:01:51","guid":{"rendered":"http:\/\/localhost\/wordpress\/?page_id=9"},"modified":"2025-06-14T23:08:50","modified_gmt":"2025-06-14T21:08:50","slug":"du-1er-jour-a-aujourdhui","status":"publish","type":"page","link":"https:\/\/lacaverneauxjeux.net\/index.php\/du-1er-jour-a-aujourdhui\/","title":{"rendered":"Du 1er jour \u00e0 aujourd&rsquo;hui"},"content":{"rendered":"<p>Apr\u00e8s quelques soir\u00e9es jeux organis\u00e9es chez eux, Florence et Yann eurent l&rsquo;id\u00e9e de cr\u00e9er une association de jeux de soci\u00e9t\u00e9, pour regrouper les joueurs des environs.<\/p>\n<p>Ainsi , suite \u00e0 une d\u00e9claration \u00e0 la sous-pr\u00e9fecture de Foug\u00e8res,\u00a0naquit le 2 mai 2016, l&rsquo;association \u00ab\u00a0La caverne aux jeux\u00a0\u00bb \u00e0 Javen\u00e9 (35133) .<\/p>\n<p>Cette association propose des rencontres conviviales autour des jeux de soci\u00e9t\u00e9s, de simulation, de r\u00f4les et de figurines , \u00e0 l\u2019exception des jeux d\u2019argent ; elle vise \u00e9galement la promotion du patrimoine ludique national ou international ; elle s\u2019adresse autant \u00e0 des joueurs d\u00e9butants qu\u2019\u00e0 des joueurs passionn\u00e9s, et souhaite favoriser les relations interg\u00e9n\u00e9rationnelles.<\/p>\n<p>Au bureau , nous sommes 8 personnes Yann, Florence, Micka\u00ebl J, C\u00e9dric ,Fr\u00e9d\u00e9ric, Pauline, Thibaut et Micka\u00ebl H.<\/p>\n<p>En 2016 nous ouvrons nos soir\u00e9es jeux de soci\u00e9t\u00e9 le jeudi soir \u00e0 partir de 20h30.<\/p>\n<p>En 2017, <strong>nouveaut\u00e9<\/strong>\u00a0 l&rsquo;id\u00e9e fut lanc\u00e9e de se r\u00e9unir \u00e9galement un dimanche par mois de 14h00 \u00e0 19h30.Les dimanches\u00a0 sont\u00a0 programm\u00e9s \u00e0 l&rsquo;ann\u00e9e, ils se veulent plus familiaux.<\/p>\n<p>En Septembre 2018, <strong>nouveaut\u00e9<\/strong> on change de salle , l&rsquo;association se r\u00e9unit tous les jeudis soirs au sein de la mairie de Javen\u00e9 dans la salle d&rsquo;arts plastiques situ\u00e9e au 1er \u00e9tage au dessus de la m\u00e9diath\u00e8que, place de la mairie 35133 Javen\u00e9, \u00e0 partir de 20h30 jusqu&rsquo;\u00e0 01h30 environ.<\/p>\n<p>En Mars 2020, <strong>nouveaut\u00e9<\/strong> Nous rajoutons une corde \u00e0 notre arc en proposant \u00a0\u00bb les jeux de figurines\u00a0\u00bb propos\u00e9es par Frederic au m\u00eame endroit. Elles se feront un dimanche sur 2, voir notre calendrier.<\/p>\n<p>En Mai 2022, <strong>nouveaut\u00e9<\/strong> Thibaut nous contacte et propose les vendredi soirs de 20h30 \u00e0 1h30 (plus si besoin) des soir\u00e9es jeux de r\u00f4les, m\u00eame salle.<\/p>\n<p>Depuis nos cessions ne cessent de s\u00a0\u00bbagrandir et nous remercions nos b\u00e9n\u00e9voles pour leur implication. <\/p>\n<p>En 2025 nous sommes 75 adh\u00e9rents, et de nouveaux arrivent encore \ud83d\ude09<br \/>\nLa cotisation annuelle est toujours de 15\u20ac donnant droit \u00e0 ceux qui le veulent \u00e0 toutes les cessions.<\/p>\n<p>Nous resterons ouvert tout l&rsquo;\u00e9t\u00e9 pour les jeux de soci\u00e9t\u00e9 , pour les autres cessions , rejoindre le discord pour les infos. <\/p>\n","protected":false},"excerpt":{"rendered":"<p>Apr\u00e8s quelques soir\u00e9es jeux organis\u00e9es chez eux, Florence et Yann eurent l&rsquo;id\u00e9e de cr\u00e9er une association de jeux de soci\u00e9t\u00e9, pour regrouper les joueurs des environs. Ainsi , suite \u00e0 une d\u00e9claration \u00e0 la sous-pr\u00e9fecture de Foug\u00e8res,\u00a0naquit le 2 mai 2016, l&rsquo;association \u00ab\u00a0La caverne aux jeux\u00a0\u00bb \u00e0 Javen\u00e9 (35133) . Cette association propose des rencontres conviviales autour des jeux de soci\u00e9t\u00e9s, de simulation, de r\u00f4les et de figurines , \u00e0 l\u2019exception des jeux d\u2019argent ; elle vise \u00e9galement la promotion du patrimoine ludique national ou international ; elle s\u2019adresse autant \u00e0 des joueurs d\u00e9butants qu\u2019\u00e0 des joueurs passionn\u00e9s, et souhaite favoriser les relations interg\u00e9n\u00e9rationnelles. Au bureau , nous sommes 8 personnes Yann, Florence, Micka\u00ebl J, C\u00e9dric ,Fr\u00e9d\u00e9ric, Pauline, Thibaut et Micka\u00ebl H. En 2016 nous ouvrons nos soir\u00e9es jeux de soci\u00e9t\u00e9 le jeudi soir \u00e0 partir de 20h30. En 2017, nouveaut\u00e9\u00a0 l&rsquo;id\u00e9e fut lanc\u00e9e de se r\u00e9unir \u00e9galement un dimanche par mois de 14h00 \u00e0 19h30.Les dimanches\u00a0 sont\u00a0 programm\u00e9s \u00e0 l&rsquo;ann\u00e9e, ils se veulent plus familiaux. En Septembre 2018, nouveaut\u00e9 on change de salle , l&rsquo;association se r\u00e9unit tous les jeudis soirs au sein de la mairie de Javen\u00e9 dans la salle d&rsquo;arts plastiques situ\u00e9e au 1er \u00e9tage au dessus de la m\u00e9diath\u00e8que, place de la mairie 35133 Javen\u00e9, \u00e0 partir de 20h30 jusqu&rsquo;\u00e0 01h30 environ. En Mars 2020, nouveaut\u00e9 Nous rajoutons une corde \u00e0 notre arc en proposant \u00a0\u00bb les jeux de figurines\u00a0\u00bb propos\u00e9es par Frederic au m\u00eame endroit. Elles se feront un dimanche sur 2, voir notre calendrier. En Mai 2022, nouveaut\u00e9 Thibaut nous contacte et propose les vendredi soirs de 20h30 \u00e0 1h30 (plus si besoin) des soir\u00e9es jeux de r\u00f4les, m\u00eame salle. Depuis nos cessions ne cessent de s\u00a0\u00bbagrandir et nous remercions nos b\u00e9n\u00e9voles pour leur implication. En 2025 nous sommes 75 adh\u00e9rents, et de nouveaux arrivent encore \ud83d\ude09 La cotisation annuelle est toujours de 15\u20ac donnant droit \u00e0 ceux qui le veulent \u00e0 toutes les cessions. Nous resterons ouvert tout l&rsquo;\u00e9t\u00e9 pour les jeux de soci\u00e9t\u00e9 , pour les autres cessions , rejoindre le discord pour les infos.<\/p>\n","protected":false},"author":2,"featured_media":5131,"parent":0,"menu_order":0,"comment_status":"closed","ping_status":"closed","template":"","meta":{"_crdt_document":"","_price":"","_stock":"","_tribe_ticket_header":"","_tribe_default_ticket_provider":"","_tribe_ticket_capacity":"0","_ticket_start_date":"","_ticket_end_date":"","_tribe_ticket_show_description":"","_tribe_ticket_show_not_going":false,"_tribe_ticket_use_global_stock":"","_tribe_ticket_global_stock_level":"","_global_stock_mode":"","_global_stock_cap":"","_tribe_rsvp_for_event":"","_tribe_ticket_going_count":"","_tribe_ticket_not_going_count":"","_tribe_tickets_list":"[]","_tribe_ticket_has_attendee_info_fields":false,"footnotes":"","_tec_slr_enabled":"","_tec_slr_layout":""},"class_list":["post-18","page","type-page","status-publish","has-post-thumbnail","hentry"],"ticketed":false,"_links":{"self":[{"href":"https:\/\/lacaverneauxjeux.net\/index.php\/wp-json\/wp\/v2\/pages\/18","targetHints":{"allow":["GET"]}}],"collection":[{"href":"https:\/\/lacaverneauxjeux.net\/index.php\/wp-json\/wp\/v2\/pages"}],"about":[{"href":"https:\/\/lacaverneauxjeux.net\/index.php\/wp-json\/wp\/v2\/types\/page"}],"author":[{"embeddable":true,"href":"https:\/\/lacaverneauxjeux.net\/index.php\/wp-json\/wp\/v2\/users\/2"}],"replies":[{"embeddable":true,"href":"https:\/\/lacaverneauxjeux.net\/index.php\/wp-json\/wp\/v2\/comments?post=18"}],"version-history":[{"count":14,"href":"https:\/\/lacaverneauxjeux.net\/index.php\/wp-json\/wp\/v2\/pages\/18\/revisions"}],"predecessor-version":[{"id":15388,"href":"https:\/\/lacaverneauxjeux.net\/index.php\/wp-json\/wp\/v2\/pages\/18\/revisions\/15388"}],"wp:featuredmedia":[{"embeddable":true,"href":"https:\/\/lacaverneauxjeux.net\/index.php\/wp-json\/wp\/v2\/media\/5131"}],"wp:attachment":[{"href":"https:\/\/lacaverneauxjeux.net\/index.php\/wp-json\/wp\/v2\/media?parent=18"}],"curies":[{"name":"wp","href":"https:\/\/api.w.org\/{rel}","templated":true}]}}