{"id":19,"date":"2018-07-10T14:01:51","date_gmt":"2018-07-10T12:01:51","guid":{"rendered":"http:\/\/localhost\/wordpress\/?page_id=10"},"modified":"2025-06-15T14:14:02","modified_gmt":"2025-06-15T12:14:02","slug":"contact","status":"publish","type":"page","link":"https:\/\/lacaverneauxjeux.net\/index.php\/contact\/","title":{"rendered":"Infos pratiques"},"content":{"rendered":"<p><strong>Mairie de Javen\u00e9<br \/>\n<\/strong>Salle d&rsquo;arts plastiques\u00a0 au 1\u00b0 \u00e9tage<br \/>\nplace de la mairie (derri\u00e8re l\u2019\u00e9glise)<br \/>\n35133 Javen\u00e9<\/p>\n<p><strong><em>Soir\u00e9es jeux de soci\u00e9t\u00e9 : <\/em><\/strong>Tous les jeudis : 20h30-01h00<\/p>\n<p><strong><em>Soir\u00e9es JDR : <\/em><\/strong>Tous les vendredis : 20h45 &#8211; 2h<\/p>\n<p><strong><em>Jeux de figurines :\u00a0<\/em><\/strong>Un dimanche sur 2\u00a0 : 14h00-19h00 (date \u00e0 voir sur le discord)<\/p>\n<p><em><strong>T\u00e9l\u00e9phone :<\/strong><\/em><br \/>\n06 82 88 19 74<\/p>\n<p><em><strong>Mail :<\/strong><\/em> la.caverne.aux.jeux@gmail.com<\/p>\n<p><em><strong>Discord :\u00a0 <\/strong><\/em>https:\/\/discord.gg\/5nQv3DuHF3<\/p>\n<p><em><strong>Facebook :<\/strong><\/em> la caverne aux jeux<\/p>\n<p>&nbsp;<\/p>\n<p>&nbsp;<\/p>\n<div><\/div>\n<div><\/div>\n","protected":false},"excerpt":{"rendered":"<p>Mairie de Javen\u00e9 Salle d&rsquo;arts plastiques\u00a0 au 1\u00b0 \u00e9tage place de la mairie (derri\u00e8re l\u2019\u00e9glise) 35133 Javen\u00e9 Soir\u00e9es jeux de soci\u00e9t\u00e9 : Tous les jeudis : 20h30-01h00 Soir\u00e9es JDR : Tous les vendredis : 20h45 &#8211; 2h Jeux de figurines :\u00a0Un dimanche sur 2\u00a0 : 14h00-19h00 (date \u00e0 voir sur le discord) T\u00e9l\u00e9phone : 06 82 88 19 74 Mail : la.caverne.aux.jeux@gmail.com Discord :\u00a0 https:\/\/discord.gg\/5nQv3DuHF3 Facebook : la caverne aux jeux &nbsp; &nbsp;<\/p>\n","protected":false},"author":2,"featured_media":15419,"parent":0,"menu_order":0,"comment_status":"closed","ping_status":"closed","template":"","meta":{"_crdt_document":"","_price":"","_stock":"","_tribe_ticket_header":"","_tribe_default_ticket_provider":"","_tribe_ticket_capacity":"0","_ticket_start_date":"","_ticket_end_date":"","_tribe_ticket_show_description":"","_tribe_ticket_show_not_going":false,"_tribe_ticket_use_global_stock":"","_tribe_ticket_global_stock_level":"","_global_stock_mode":"","_global_stock_cap":"","_tribe_rsvp_for_event":"","_tribe_ticket_going_count":"","_tribe_ticket_not_going_count":"","_tribe_tickets_list":"[]","_tribe_ticket_has_attendee_info_fields":false,"footnotes":"","_tec_slr_enabled":"","_tec_slr_layout":""},"class_list":["post-19","page","type-page","status-publish","has-post-thumbnail","hentry"],"ticketed":false,"_links":{"self":[{"href":"https:\/\/lacaverneauxjeux.net\/index.php\/wp-json\/wp\/v2\/pages\/19","targetHints":{"allow":["GET"]}}],"collection":[{"href":"https:\/\/lacaverneauxjeux.net\/index.php\/wp-json\/wp\/v2\/pages"}],"about":[{"href":"https:\/\/lacaverneauxjeux.net\/index.php\/wp-json\/wp\/v2\/types\/page"}],"author":[{"embeddable":true,"href":"https:\/\/lacaverneauxjeux.net\/index.php\/wp-json\/wp\/v2\/users\/2"}],"replies":[{"embeddable":true,"href":"https:\/\/lacaverneauxjeux.net\/index.php\/wp-json\/wp\/v2\/comments?post=19"}],"version-history":[{"count":9,"href":"https:\/\/lacaverneauxjeux.net\/index.php\/wp-json\/wp\/v2\/pages\/19\/revisions"}],"predecessor-version":[{"id":15421,"href":"https:\/\/lacaverneauxjeux.net\/index.php\/wp-json\/wp\/v2\/pages\/19\/revisions\/15421"}],"wp:featuredmedia":[{"embeddable":true,"href":"https:\/\/lacaverneauxjeux.net\/index.php\/wp-json\/wp\/v2\/media\/15419"}],"wp:attachment":[{"href":"https:\/\/lacaverneauxjeux.net\/index.php\/wp-json\/wp\/v2\/media?parent=19"}],"curies":[{"name":"wp","href":"https:\/\/api.w.org\/{rel}","templated":true}]}}